{"id":29,"date":"2022-09-28T15:50:57","date_gmt":"2022-09-28T13:50:57","guid":{"rendered":"https:\/\/songesdevigne.com\/?page_id=29"},"modified":"2025-04-23T16:32:21","modified_gmt":"2025-04-23T14:32:21","slug":"nuit-ete","status":"publish","type":"page","link":"https:\/\/songesdevigne.com\/index.php\/nuit-ete\/","title":{"rendered":"Songe de Nuit d&rsquo;\u00e9t\u00e9"},"content":{"rendered":"\n<p class=\"has-theme-palette-1-color has-theme-palette-8-background-color has-text-color has-background has-medium-font-size\"><strong>La chambre Songe de nuit d&rsquo;\u00e9t\u00e9<\/strong><\/p>\n\n\n<style>.kb-image29_b688fd-62 .kb-image-has-overlay:after{opacity:0.3;}<\/style>\n<div class=\"wp-block-kadence-image kb-image29_b688fd-62\"><figure class=\"aligncenter size-medium_large\"><img loading=\"lazy\" decoding=\"async\" width=\"768\" height=\"511\" src=\"http:\/\/localhost\/songesdevigne\/wp-content\/uploads\/2023\/04\/chambre_ete_17-768x511.jpg\" alt=\"Chambre Songe Nuit d'\u00e9t\u00e9\" class=\"kb-img wp-image-2093\" srcset=\"https:\/\/songesdevigne.com\/wp-content\/uploads\/2023\/04\/chambre_ete_17-768x511.jpg 768w, https:\/\/songesdevigne.com\/wp-content\/uploads\/2023\/04\/chambre_ete_17-300x200.jpg 300w, https:\/\/songesdevigne.com\/wp-content\/uploads\/2023\/04\/chambre_ete_17.jpg 1024w\" sizes=\"auto, (max-width: 768px) 100vw, 768px\" \/><figcaption>Chambre Songe Nuit d&rsquo;\u00e9t\u00e9<\/figcaption><\/figure><\/div>\n\n\n\n<p class=\"has-text-align-center\"><strong>Suite ouverte<\/strong> de 35m\u00b2 surplombant la cour. Elle a \u00e9t\u00e9 pens\u00e9e et d\u00e9sign\u00e9e par un architecte de mani\u00e8re \u00e0 \u00eatre dans un esprit a\u00e9rien.<\/p>\n\n\n\n<p class=\"has-text-align-center\"> Le lit \u00ab\u00a0effet suspendu\u00a0\u00bb (lit bien maintenu au sol) vous permettra de vivre une exp\u00e9rience unique dans la jungle du Beaujolais&nbsp;!<\/p>\n\n\n\n<p class=\"has-text-align-center\">La <strong>salle d\u2019eau<\/strong> spacieuse et raffin\u00e9e int\u00e8gre une double vasque. Elle est \u00e9quip\u00e9e d\u2019une <strong>douche, d\u2019une baignoire baln\u00e9o <\/strong>et de toilettes s\u00e9par\u00e9es. &nbsp;Cette baignoire hydromassante vous permettra de vous d\u00e9tendre apr\u00e8s une balade dans les vignes.<\/p>\n\n\n\n<p class=\"has-text-align-center\">La <strong>chambre<\/strong> <strong>d\u2019h\u00f4tes <\/strong>dispose d\u2019un <strong>grand lit<\/strong> (180 x 200)  dans un esprit tropical et de la climatisation.<\/p>\n\n\n\n<p><\/p>\n\n\n<style>.kadence-column29_771fd2-30 > .kt-inside-inner-col,.kadence-column29_771fd2-30 > .kt-inside-inner-col:before{border-top-left-radius:0px;border-top-right-radius:0px;border-bottom-right-radius:0px;border-bottom-left-radius:0px;}.kadence-column29_771fd2-30 > .kt-inside-inner-col{column-gap:var(--global-kb-gap-sm, 1rem);}.kadence-column29_771fd2-30 > .kt-inside-inner-col{flex-direction:column;}.kadence-column29_771fd2-30 > .kt-inside-inner-col > .aligncenter{width:100%;}.kadence-column29_771fd2-30 > .kt-inside-inner-col:before{opacity:0.3;}.kadence-column29_771fd2-30{position:relative;}@media all and (max-width: 1024px){.kadence-column29_771fd2-30 > .kt-inside-inner-col{flex-direction:column;}}@media all and (max-width: 767px){.kadence-column29_771fd2-30 > .kt-inside-inner-col{flex-direction:column;}}<\/style>\n<div class=\"wp-block-kadence-column kadence-column29_771fd2-30 inner-column-1\"><div class=\"kt-inside-inner-col\"><style>.kb-gallery-id-29_221d93-b8.kb-gallery-ul.kb-gallery-type-fluidcarousel .kt-blocks-carousel figure .kb-gal-image-radius, .kb-gallery-id-29_221d93-b8.kb-gallery-ul.kb-gallery-type-fluidcarousel .kt-blocks-carousel figure .kb-gal-image-radius img{height:350px;}.kb-gallery-id-29_221d93-b8 .kadence-blocks-gallery-item .kb-gal-image-radius, .kb-gallery-id-29_221d93-b8 .kb-slide-item .kb-gal-image-radius img{border-radius:0px 0px 0px 0px;;}<\/style><div class=\"kb-gallery-wrap-id-29_221d93-b8 alignnone wp-block-kadence-advancedgallery\"><div class=\"kb-gallery-ul kb-gallery-non-static kb-gallery-type-fluidcarousel kb-gallery-id-29_221d93-b8 kb-gallery-caption-style-bottom-hover kb-gallery-filter-none\" data-image-filter=\"none\" data-lightbox-caption=\"true\"><div class=\"kt-blocks-carousel kt-carousel-container-dotstyle-dark\"><div class=\"kt-blocks-carousel-init kb-blocks-fluid-carousel kt-carousel-arrowstyle-whiteondark kt-carousel-dotstyle-dark\" data-slider-anim-speed=\"400\" data-slider-scroll=\"1\" data-slider-arrows=\"true\" data-slider-dots=\"true\" data-slider-hover-pause=\"false\" data-slider-auto=\"\" data-slider-speed=\"7000\" data-slider-type=\"fluidcarousel\" data-slider-center-mode=\"true\" data-slider-gap=\"4px\" data-slider-gap-tablet=\"4px\" data-slider-gap-mobile=\"4px\"><div class=\"kb-slide-item kb-gallery-carousel-item\"><div class=\"kadence-blocks-gallery-item\"><div class=\"kadence-blocks-gallery-item-inner\"><figure class=\"kb-gallery-figure kb-gallery-item-has-link kadence-blocks-gallery-item-hide-caption\" \"><a href=\"http:\/\/localhost\/songesdevigne\/wp-content\/uploads\/2023\/04\/chambre_ete_12.jpg\" class=\"kb-gallery-item-link\"  ><div class=\"kb-gal-image-radius\"><div class=\"kb-gallery-image-contain\" ><img loading=\"lazy\" decoding=\"async\" src=\"http:\/\/localhost\/songesdevigne\/wp-content\/uploads\/2023\/04\/chambre_ete_12.jpg\" width=\"1024\" height=\"681\" alt=\"Chambre Songe Nuit d&#039;\u00e9t\u00e9\" data-full-image=\"http:\/\/localhost\/songesdevigne\/wp-content\/uploads\/2023\/04\/chambre_ete_12.jpg\" data-light-image=\"http:\/\/localhost\/songesdevigne\/wp-content\/uploads\/2023\/04\/chambre_ete_12.jpg\" data-id=\"2089\" class=\"wp-image-2089 skip-lazy\" srcset=\"https:\/\/songesdevigne.com\/wp-content\/uploads\/2023\/04\/chambre_ete_12.jpg 1024w, https:\/\/songesdevigne.com\/wp-content\/uploads\/2023\/04\/chambre_ete_12-300x200.jpg 300w, https:\/\/songesdevigne.com\/wp-content\/uploads\/2023\/04\/chambre_ete_12-768x511.jpg 768w\" sizes=\"auto, (max-width: 1024px) 100vw, 1024px\" \/><\/div><\/div><\/a><\/figure><\/div><\/div><\/div><div class=\"kb-slide-item kb-gallery-carousel-item\"><div class=\"kadence-blocks-gallery-item\"><div class=\"kadence-blocks-gallery-item-inner\"><figure class=\"kb-gallery-figure kb-gallery-item-has-link kadence-blocks-gallery-item-hide-caption\" \"><a href=\"http:\/\/localhost\/songesdevigne\/wp-content\/uploads\/2022\/10\/chambre_ete_6_gf.jpg\" class=\"kb-gallery-item-link\"  ><div class=\"kb-gal-image-radius\"><div class=\"kb-gallery-image-contain\" ><img loading=\"lazy\" decoding=\"async\" src=\"http:\/\/localhost\/songesdevigne\/wp-content\/uploads\/2022\/10\/chambre_ete_6_gf-768x566.jpg\" width=\"768\" height=\"566\" alt=\"Songe nuit d&#039;\u00e9t\u00e9, salle de bain\" data-full-image=\"http:\/\/localhost\/songesdevigne\/wp-content\/uploads\/2022\/10\/chambre_ete_6_gf.jpg\" data-light-image=\"http:\/\/localhost\/songesdevigne\/wp-content\/uploads\/2022\/10\/chambre_ete_6_gf.jpg\" data-id=\"1616\" class=\"wp-image-1616 skip-lazy\" srcset=\"https:\/\/songesdevigne.com\/wp-content\/uploads\/2022\/10\/chambre_ete_6_gf-768x566.jpg 768w, https:\/\/songesdevigne.com\/wp-content\/uploads\/2022\/10\/chambre_ete_6_gf-300x221.jpg 300w, https:\/\/songesdevigne.com\/wp-content\/uploads\/2022\/10\/chambre_ete_6_gf-600x442.jpg 600w, https:\/\/songesdevigne.com\/wp-content\/uploads\/2022\/10\/chambre_ete_6_gf.jpg 1024w\" sizes=\"auto, (max-width: 768px) 100vw, 768px\" \/><\/div><\/div><\/a><\/figure><\/div><\/div><\/div><div class=\"kb-slide-item kb-gallery-carousel-item\"><div class=\"kadence-blocks-gallery-item\"><div class=\"kadence-blocks-gallery-item-inner\"><figure class=\"kb-gallery-figure kb-gallery-item-has-link kadence-blocks-gallery-item-hide-caption\" \"><a href=\"http:\/\/localhost\/songesdevigne\/wp-content\/uploads\/2023\/04\/chambre_ete_18.jpg\" class=\"kb-gallery-item-link\"  ><div class=\"kb-gal-image-radius\"><div class=\"kb-gallery-image-contain\" ><img loading=\"lazy\" decoding=\"async\" src=\"http:\/\/localhost\/songesdevigne\/wp-content\/uploads\/2023\/04\/chambre_ete_18.jpg\" width=\"750\" height=\"1000\" alt=\"Salle de bains, chambre Songe Nuit d&#039;\u00e9t\u00e9\" data-full-image=\"http:\/\/localhost\/songesdevigne\/wp-content\/uploads\/2023\/04\/chambre_ete_18.jpg\" data-light-image=\"http:\/\/localhost\/songesdevigne\/wp-content\/uploads\/2023\/04\/chambre_ete_18.jpg\" data-id=\"2094\" class=\"wp-image-2094 skip-lazy\" srcset=\"https:\/\/songesdevigne.com\/wp-content\/uploads\/2023\/04\/chambre_ete_18.jpg 750w, https:\/\/songesdevigne.com\/wp-content\/uploads\/2023\/04\/chambre_ete_18-225x300.jpg 225w\" sizes=\"auto, (max-width: 750px) 100vw, 750px\" \/><\/div><\/div><\/a><\/figure><\/div><\/div><\/div><div class=\"kb-slide-item kb-gallery-carousel-item\"><div class=\"kadence-blocks-gallery-item\"><div class=\"kadence-blocks-gallery-item-inner\"><figure class=\"kb-gallery-figure kb-gallery-item-has-link kadence-blocks-gallery-item-hide-caption\" \"><a href=\"http:\/\/localhost\/songesdevigne\/wp-content\/uploads\/2023\/04\/chambre_ete_10.jpg\" class=\"kb-gallery-item-link\"  ><div class=\"kb-gal-image-radius\"><div class=\"kb-gallery-image-contain\" ><img loading=\"lazy\" decoding=\"async\" src=\"http:\/\/localhost\/songesdevigne\/wp-content\/uploads\/2023\/04\/chambre_ete_10.jpg\" width=\"1024\" height=\"681\" alt=\"Chambre Songe Nuit d&#039;\u00e9t\u00e9\" data-full-image=\"http:\/\/localhost\/songesdevigne\/wp-content\/uploads\/2023\/04\/chambre_ete_10.jpg\" data-light-image=\"http:\/\/localhost\/songesdevigne\/wp-content\/uploads\/2023\/04\/chambre_ete_10.jpg\" data-id=\"2087\" class=\"wp-image-2087 skip-lazy\" srcset=\"https:\/\/songesdevigne.com\/wp-content\/uploads\/2023\/04\/chambre_ete_10.jpg 1024w, https:\/\/songesdevigne.com\/wp-content\/uploads\/2023\/04\/chambre_ete_10-300x200.jpg 300w, https:\/\/songesdevigne.com\/wp-content\/uploads\/2023\/04\/chambre_ete_10-768x511.jpg 768w\" sizes=\"auto, (max-width: 1024px) 100vw, 1024px\" \/><\/div><\/div><\/a><\/figure><\/div><\/div><\/div><div class=\"kb-slide-item kb-gallery-carousel-item\"><div class=\"kadence-blocks-gallery-item\"><div class=\"kadence-blocks-gallery-item-inner\"><figure class=\"kb-gallery-figure kb-gallery-item-has-link kadence-blocks-gallery-item-hide-caption\" \"><a href=\"http:\/\/localhost\/songesdevigne\/wp-content\/uploads\/2022\/10\/chambre_vete_5_gf.jpg\" class=\"kb-gallery-item-link\"  ><div class=\"kb-gal-image-radius\"><div class=\"kb-gallery-image-contain\" ><img loading=\"lazy\" decoding=\"async\" src=\"http:\/\/localhost\/songesdevigne\/wp-content\/uploads\/2022\/10\/chambre_vete_5_gf.jpg\" width=\"444\" height=\"900\" alt=\"Chambre Nuit d&#039;\u00e9t\u00e9, salle de bains\" data-full-image=\"http:\/\/localhost\/songesdevigne\/wp-content\/uploads\/2022\/10\/chambre_vete_5_gf.jpg\" data-light-image=\"http:\/\/localhost\/songesdevigne\/wp-content\/uploads\/2022\/10\/chambre_vete_5_gf.jpg\" data-id=\"1588\" class=\"wp-image-1588 skip-lazy\" srcset=\"https:\/\/songesdevigne.com\/wp-content\/uploads\/2022\/10\/chambre_vete_5_gf.jpg 444w, https:\/\/songesdevigne.com\/wp-content\/uploads\/2022\/10\/chambre_vete_5_gf-148x300.jpg 148w\" sizes=\"auto, (max-width: 444px) 100vw, 444px\" \/><\/div><\/div><\/a><\/figure><\/div><\/div><\/div><\/div><\/div><\/div><\/div><\/div><\/div>\n\n\n<style>.kadence-column29_e0b228-46 > .kt-inside-inner-col,.kadence-column29_e0b228-46 > .kt-inside-inner-col:before{border-top-left-radius:0px;border-top-right-radius:0px;border-bottom-right-radius:0px;border-bottom-left-radius:0px;}.kadence-column29_e0b228-46 > .kt-inside-inner-col{column-gap:var(--global-kb-gap-sm, 1rem);}.kadence-column29_e0b228-46 > .kt-inside-inner-col{flex-direction:column;}.kadence-column29_e0b228-46 > .kt-inside-inner-col > .aligncenter{width:100%;}.kadence-column29_e0b228-46 > .kt-inside-inner-col:before{opacity:0.3;}.kadence-column29_e0b228-46{position:relative;}@media all and (max-width: 1024px){.kadence-column29_e0b228-46 > .kt-inside-inner-col{flex-direction:column;}}@media all and (max-width: 767px){.kadence-column29_e0b228-46 > .kt-inside-inner-col{flex-direction:column;}}<\/style>\n<div class=\"wp-block-kadence-column kadence-column29_e0b228-46 inner-column-2\"><div class=\"kt-inside-inner-col\">\n<div class=\"wp-block-columns is-layout-flex wp-container-core-columns-is-layout-9d6595d7 wp-block-columns-is-layout-flex\"><\/div>\n\n\n\n<div class=\"wp-block-columns is-layout-flex wp-container-core-columns-is-layout-9d6595d7 wp-block-columns-is-layout-flex\">\n<div class=\"wp-block-column is-layout-flow wp-block-column-is-layout-flow\" style=\"flex-basis:66.66%\"><style>.wp-block-kadence-column.kb-section-dir-horizontal > .kt-inside-inner-col > .kt-info-box29_d07c2e-d1{max-width:552px;}.wp-block-kadence-column.kb-section-dir-horizontal > .kt-inside-inner-col > .kt-info-box29_d07c2e-d1 .kt-blocks-info-box-link-wrap{max-width:unset;}.kt-info-box29_d07c2e-d1 .kt-blocks-info-box-link-wrap{border-top-left-radius:0px;border-top-right-radius:0px;border-bottom-right-radius:0px;border-bottom-left-radius:0px;background:var(--global-palette9, #ffffff);max-width:552px;padding-top:15px;padding-right:15px;padding-bottom:15px;padding-left:15px;}.kt-info-box29_d07c2e-d1 .kt-blocks-info-box-link-wrap:hover{background:#ffffff;}.kt-info-box29_d07c2e-d1 .kadence-info-box-icon-container .kt-info-svg-icon, .kt-info-box29_d07c2e-d1 .kt-info-svg-icon-flip, .kt-info-box29_d07c2e-d1 .kt-blocks-info-box-number{font-size:40px;}.kt-info-box29_d07c2e-d1 .kt-blocks-info-box-media{color:var(--global-palette1, #3182CE);background:#ffffff;border-color:var(--global-palette9, #ffffff);border-radius:173px;overflow:hidden;border-top-width:0px;border-right-width:0px;border-bottom-width:0px;border-left-width:0px;padding-top:13px;padding-right:13px;padding-bottom:13px;padding-left:13px;margin-top:0px;margin-right:20px;margin-bottom:0px;margin-left:0px;}.kt-info-box29_d07c2e-d1 .kt-blocks-info-box-media .kadence-info-box-image-intrisic img{border-radius:173px;}.kt-info-box29_d07c2e-d1 .kt-blocks-info-box-link-wrap:hover .kt-blocks-info-box-media{color:#444444;background:#ffffff;border-color:#eeeeee;}.kt-info-box29_d07c2e-d1 .kt-infobox-textcontent h5.kt-blocks-info-box-title{padding-top:0px;padding-right:0px;padding-bottom:0px;padding-left:0px;margin-top:5px;margin-right:0px;margin-bottom:10px;margin-left:0px;}.kt-info-box29_d07c2e-d1 .kt-infobox-textcontent .kt-blocks-info-box-text{color:var(--global-palette6, #718096);}.wp-block-kadence-infobox.kt-info-box29_d07c2e-d1 .kt-blocks-info-box-text{font-size:14px;text-transform:none;padding-top:13px;padding-right:13px;padding-bottom:13px;padding-left:13px;}.kt-info-box29_d07c2e-d1 .kt-blocks-info-box-learnmore{color:#f81515;background:transparent;border-color:#555555;border-width:0px 0px 0px 0px;padding-top:4px;padding-right:8px;padding-bottom:4px;padding-left:8px;margin-top:10px;margin-right:0px;margin-bottom:10px;margin-left:0px;}.kt-info-box29_d07c2e-d1 .kt-blocks-info-box-link-wrap:hover .kt-blocks-info-box-learnmore,.kt-info-box29_d07c2e-d1 .kt-blocks-info-box-link-wrap .kt-blocks-info-box-learnmore:focus{color:#ffffff;background:#444444;border-color:#444444;}<\/style>\n<div class=\"wp-block-kadence-infobox kt-info-box29_d07c2e-d1\"><span class=\"kt-blocks-info-box-link-wrap info-box-link kt-blocks-info-box-media-align-left kt-info-halign-left\"><div class=\"kt-blocks-info-box-media-container\"><div class=\"kt-blocks-info-box-media kt-info-media-animate-none\"><div class=\"kadence-info-box-icon-container kt-info-icon-animate-none\"><div class=\"kadence-info-box-icon-inner-container\"><span class=\"kb-svg-icon-wrap kb-svg-icon-fas_leaf kt-info-svg-icon\"><svg viewBox=\"0 0 576 512\"  fill=\"currentColor\" xmlns=\"http:\/\/www.w3.org\/2000\/svg\"  aria-hidden=\"true\"><path d=\"M546.2 9.7c-5.6-12.5-21.6-13-28.3-1.2C486.9 62.4 431.4 96 368 96h-80C182 96 96 182 96 288c0 7 .8 13.7 1.5 20.5C161.3 262.8 253.4 224 384 224c8.8 0 16 7.2 16 16s-7.2 16-16 16C132.6 256 26 410.1 2.4 468c-6.6 16.3 1.2 34.9 17.5 41.6 16.4 6.8 35-1.1 41.8-17.3 1.5-3.6 20.9-47.9 71.9-90.6 32.4 43.9 94 85.8 174.9 77.2C465.5 467.5 576 326.7 576 154.3c0-50.2-10.8-102.2-29.8-144.6z\"\/><\/svg><\/span><\/div><\/div><\/div><\/div><div class=\"kt-infobox-textcontent\"><p class=\"kt-blocks-info-box-text\"><br><br><strong>POUR 2 PERSONNES<br>PETIT D\u00c9JEUNER INCLUS<\/strong><br><strong>TARIF: 149 \u20ac<\/strong><br><br>Le jour de votre arriv\u00e9e, l&rsquo;enregistrement se fait <strong>\u00e0 partir de 17h<\/strong> et le jour de votre d\u00e9part la chambre doit \u00eatre <strong>lib\u00e9r\u00e9e pour 11h<\/strong>.<\/p><\/div><\/span><\/div>\n<\/div>\n\n\n\n<div class=\"wp-block-column is-layout-flow wp-block-column-is-layout-flow\" style=\"flex-basis:33.33%\">\n<h6 class=\"wp-block-heading has-small-font-size\">Dans votre salle de bains privative :<\/h6>\n\n\n\n<ul class=\"wp-block-list\">\n<li class=\"has-small-font-size\">Articles de toilette gratuits<\/li>\n\n\n\n<li class=\"has-small-font-size\">Douche et baignoire baln\u00e9o<\/li>\n\n\n\n<li class=\"has-small-font-size\">Toilettes<\/li>\n<\/ul>\n\n\n\n<h6 class=\"wp-block-heading has-small-font-size\">\u00c9quipements :<\/h6>\n\n\n\n<ul class=\"wp-block-list\">\n<li class=\"has-small-font-size\">Linge de maison<\/li>\n\n\n\n<li class=\"has-small-font-size\">Serviettes<\/li>\n\n\n\n<li class=\"has-small-font-size\">S\u00e8che-cheveux<\/li>\n\n\n\n<li class=\"has-small-font-size\">Chauffage<\/li>\n\n\n\n<li class=\"has-small-font-size\">Climatisation<\/li>\n<\/ul>\n\n\n\n<p><\/p>\n<\/div>\n<\/div>\n<\/div><\/div>\n\n\n<style>.kadence-column29_f916a1-2c > .kt-inside-inner-col,.kadence-column29_f916a1-2c > .kt-inside-inner-col:before{border-top-left-radius:0px;border-top-right-radius:0px;border-bottom-right-radius:0px;border-bottom-left-radius:0px;}.kadence-column29_f916a1-2c > .kt-inside-inner-col{column-gap:var(--global-kb-gap-sm, 1rem);}.kadence-column29_f916a1-2c > .kt-inside-inner-col{flex-direction:column;}.kadence-column29_f916a1-2c > .kt-inside-inner-col > .aligncenter{width:100%;}.kadence-column29_f916a1-2c > .kt-inside-inner-col:before{opacity:0.3;}.kadence-column29_f916a1-2c{position:relative;}@media all and (max-width: 1024px){.kadence-column29_f916a1-2c > .kt-inside-inner-col{flex-direction:column;}}@media all and (max-width: 767px){.kadence-column29_f916a1-2c > .kt-inside-inner-col{flex-direction:column;}}<\/style>\n<div class=\"wp-block-kadence-column kadence-column29_f916a1-2c inner-column-3\"><div class=\"kt-inside-inner-col\">\n<div class=\"wp-block-columns is-layout-flex wp-container-core-columns-is-layout-9d6595d7 wp-block-columns-is-layout-flex\">\n<div class=\"wp-block-column is-layout-flow wp-block-column-is-layout-flow\"><\/div>\n\n\n\n<div class=\"wp-block-column is-layout-flow wp-block-column-is-layout-flow\"><\/div>\n<\/div>\n<\/div><\/div>\n\n\n<p><!-- \/wp:post-content --><\/p>\n<p><!-- wp:paragraph --><\/p>\n<p><!-- \/wp:paragraph --><\/p>\n<p><!-- wp:paragraph --><\/p>\n<p>\u00a0<\/p>","protected":false},"excerpt":{"rendered":"<p>La chambre Songe de nuit d&rsquo;\u00e9t\u00e9 Suite ouverte de 35m\u00b2 surplombant la cour. Elle a \u00e9t\u00e9 pens\u00e9e et d\u00e9sign\u00e9e par un architecte de mani\u00e8re \u00e0 \u00eatre dans un esprit a\u00e9rien. Le lit \u00ab\u00a0effet suspendu\u00a0\u00bb (lit bien maintenu au sol) vous permettra de vivre une exp\u00e9rience unique dans la jungle du Beaujolais&nbsp;! La salle d\u2019eau spacieuse&#8230;<\/p>\n","protected":false},"author":3,"featured_media":0,"parent":0,"menu_order":0,"comment_status":"closed","ping_status":"closed","template":"","meta":{"_kad_post_transparent":"","_kad_post_title":"","_kad_post_layout":"","_kad_post_sidebar_id":"","_kad_post_content_style":"","_kad_post_vertical_padding":"","_kad_post_feature":"","_kad_post_feature_position":"","_kad_post_header":false,"_kad_post_footer":false,"footnotes":""},"class_list":["post-29","page","type-page","status-publish","hentry"],"_links":{"self":[{"href":"https:\/\/songesdevigne.com\/index.php\/wp-json\/wp\/v2\/pages\/29","targetHints":{"allow":["GET"]}}],"collection":[{"href":"https:\/\/songesdevigne.com\/index.php\/wp-json\/wp\/v2\/pages"}],"about":[{"href":"https:\/\/songesdevigne.com\/index.php\/wp-json\/wp\/v2\/types\/page"}],"author":[{"embeddable":true,"href":"https:\/\/songesdevigne.com\/index.php\/wp-json\/wp\/v2\/users\/3"}],"replies":[{"embeddable":true,"href":"https:\/\/songesdevigne.com\/index.php\/wp-json\/wp\/v2\/comments?post=29"}],"version-history":[{"count":22,"href":"https:\/\/songesdevigne.com\/index.php\/wp-json\/wp\/v2\/pages\/29\/revisions"}],"predecessor-version":[{"id":2253,"href":"https:\/\/songesdevigne.com\/index.php\/wp-json\/wp\/v2\/pages\/29\/revisions\/2253"}],"wp:attachment":[{"href":"https:\/\/songesdevigne.com\/index.php\/wp-json\/wp\/v2\/media?parent=29"}],"curies":[{"name":"wp","href":"https:\/\/api.w.org\/{rel}","templated":true}]}}